{"id":3472,"date":"2021-11-18T23:51:12","date_gmt":"2021-11-18T23:51:12","guid":{"rendered":"https:\/\/www.hitechhouse.com.br\/?page_id=3472"},"modified":"2025-07-26T16:48:44","modified_gmt":"2025-07-26T16:48:44","slug":"como-funciona","status":"publish","type":"page","link":"https:\/\/cotia.hitech.house\/casa-de-eps\/como-funciona\/","title":{"rendered":"Como Funciona"},"content":{"rendered":"\t\t<div data-elementor-type=\"wp-page\" data-elementor-id=\"3472\" class=\"elementor elementor-3472\">\n\t\t\t\t\t\t<section class=\"elementor-section elementor-top-section elementor-element elementor-element-3320d71 elementor-section-stretched elementor-section-boxed elementor-section-height-default elementor-section-height-default\" data-id=\"3320d71\" data-element_type=\"section\" data-settings=\"{&quot;stretch_section&quot;:&quot;section-stretched&quot;,&quot;background_background&quot;:&quot;classic&quot;}\">\n\t\t\t\t\t\t\t<div class=\"elementor-background-overlay\"><\/div>\n\t\t\t\t\t\t\t<div class=\"elementor-container elementor-column-gap-default\">\n\t\t\t\t\t<div class=\"elementor-column elementor-col-100 elementor-top-column elementor-element elementor-element-44d1484 elementor-invisible\" data-id=\"44d1484\" data-element_type=\"column\" data-settings=\"{&quot;animation&quot;:&quot;fadeInLeft&quot;,&quot;animation_tablet&quot;:&quot;none&quot;}\">\n\t\t\t<div class=\"elementor-widget-wrap elementor-element-populated\">\n\t\t\t\t\t\t<div class=\"elementor-element elementor-element-4a4500c elementor-widget elementor-widget-heading\" data-id=\"4a4500c\" data-element_type=\"widget\" data-settings=\"{&quot;_animation_mobile&quot;:&quot;none&quot;}\" data-widget_type=\"heading.default\">\n\t\t\t\t<div class=\"elementor-widget-container\">\n\t\t\t\t\t<h2 class=\"elementor-heading-title elementor-size-default\">O que \u00e9 a Casa de EPS ou Sistema de EPS?<\/h2>\t\t\t\t<\/div>\n\t\t\t\t<\/div>\n\t\t\t\t<div class=\"elementor-element elementor-element-9ba1cf2 elementor-widget elementor-widget-text-editor\" data-id=\"9ba1cf2\" data-element_type=\"widget\" data-settings=\"{&quot;_animation_mobile&quot;:&quot;none&quot;}\" data-widget_type=\"text-editor.default\">\n\t\t\t\t<div class=\"elementor-widget-container\">\n\t\t\t\t\t\t\t\t\t<p>Basicamente uma Casa de EPS tem a sua constru\u00e7\u00e3o com pain\u00e9is de EPS (monol\u00edtico), bloco de EPS (ICF) ou Blocos rebocados de EPS (Thermo Block), todos proporcionam conforto t\u00e9rmico e ac\u00fastico.\u00a0<\/p><p>Os Sistemas Monol\u00edtico e ICF s\u00e3o estruturais, n\u00e3o h\u00e1 necessidade de pilar e viga como o convencional e o Thermo Block s\u00e3o blocos para veda\u00e7\u00e3o.<\/p><p>\u00a0<\/p>\t\t\t\t\t\t\t\t<\/div>\n\t\t\t\t<\/div>\n\t\t\t\t\t<\/div>\n\t\t<\/div>\n\t\t\t\t\t<\/div>\n\t\t<\/section>\n\t\t\t\t<section class=\"elementor-section elementor-top-section elementor-element elementor-element-8339693 elementor-section-stretched elementor-reverse-tablet elementor-reverse-mobile elementor-section-boxed elementor-section-height-default elementor-section-height-default\" data-id=\"8339693\" data-element_type=\"section\" data-settings=\"{&quot;stretch_section&quot;:&quot;section-stretched&quot;,&quot;background_background&quot;:&quot;classic&quot;}\">\n\t\t\t\t\t\t<div class=\"elementor-container elementor-column-gap-default\">\n\t\t\t\t\t<div class=\"elementor-column elementor-col-50 elementor-top-column elementor-element elementor-element-811abdc animated-slow elementor-invisible\" data-id=\"811abdc\" data-element_type=\"column\" data-settings=\"{&quot;animation&quot;:&quot;bounceInLeft&quot;,&quot;animation_delay&quot;:300,&quot;animation_tablet&quot;:&quot;none&quot;}\">\n\t\t\t<div class=\"elementor-widget-wrap elementor-element-populated\">\n\t\t\t\t\t\t<div class=\"elementor-element elementor-element-8ea906c elementor-widget elementor-widget-elementskit-heading\" data-id=\"8ea906c\" data-element_type=\"widget\" data-widget_type=\"elementskit-heading.default\">\n\t\t\t\t<div class=\"elementor-widget-container\">\n\t\t\t\t\t<div class=\"ekit-wid-con\" ><div class=\"ekit-heading elementskit-section-title-wraper text_left   ekit_heading_tablet-   ekit_heading_mobile-\"><h1 class=\"ekit-heading--title elementskit-section-title \">Constru\u00e7\u00e3o de Casa de EPS<\/h1>\t\t\t\t<div class='ekit-heading__description'>\n\t\t\t\t\t<p>O sistema construtivo com <strong>EPS<\/strong> n\u00e3o apenas oferece conforto t\u00e9rmico e ac\u00fastico, como tamb\u00e9m abra\u00e7a princ\u00edpios de <strong>sustentabilidade e responsabilidade ambiental<\/strong>.<\/p>\n<ul>\n<li>\n<p><strong>Menor pegada de carbono<\/strong> A produ\u00e7\u00e3o de EPS emite menos CO\u2082 comparado a materiais tradicionais como tijolos cer\u00e2micos. Al\u00e9m disso, a obra demanda menos transporte e movimenta\u00e7\u00e3o de materiais pesados, reduzindo o impacto ambiental da log\u00edstica.<\/p>\n<\/li>\n<li>\n<p><strong>Redu\u00e7\u00e3o no uso de recursos naturais<\/strong> O EPS n\u00e3o consome argila, madeira ou grandes volumes de \u00e1gua em sua fabrica\u00e7\u00e3o. Isso preserva reservas naturais e evita a degrada\u00e7\u00e3o ambiental causada pela extra\u00e7\u00e3o de mat\u00e9ria-prima.<\/p>\n<\/li>\n<li>\n<p><strong>Obra limpa e com menos res\u00edduos<\/strong> A montagem com pain\u00e9is ou blocos de EPS gera pouqu\u00edssima sobra \u2014 e o material \u00e9 100% recicl\u00e1vel. A HiTech House reutilizar os restos na pr\u00f3pria obra ou enviamos para reciclagem industrial.<\/p>\n<\/li>\n<li>\n<p><strong>Efici\u00eancia energ\u00e9tica<\/strong> Gra\u00e7as ao isolamento t\u00e9rmico do EPS, as constru\u00e7\u00f5es consomem menos energia com climatiza\u00e7\u00e3o (como ar-condicionado ou aquecedores), reduzindo a emiss\u00e3o de gases do efeito estufa durante o uso do im\u00f3vel.<\/p>\n<\/li>\n<li>\n<p><strong>Conforto sustent\u00e1vel<\/strong> A veda\u00e7\u00e3o mais eficiente n\u00e3o apenas melhora o conforto, mas contribui para uma moradia mais saud\u00e1vel \u2014 com menos umidade, menos ru\u00eddo e melhor aproveitamento energ\u00e9tico.<\/p>\n<\/li>\n<\/ul>\n\t\t\t\t<\/div>\n\t\t\t<\/div><\/div>\t\t\t\t<\/div>\n\t\t\t\t<\/div>\n\t\t\t\t\t<\/div>\n\t\t<\/div>\n\t\t\t\t<div class=\"elementor-column elementor-col-50 elementor-top-column elementor-element elementor-element-dab6f57 animated-slow elementor-invisible\" data-id=\"dab6f57\" data-element_type=\"column\" data-settings=\"{&quot;animation&quot;:&quot;bounceInRight&quot;,&quot;animation_delay&quot;:300,&quot;animation_tablet&quot;:&quot;none&quot;}\">\n\t\t\t<div class=\"elementor-widget-wrap elementor-element-populated\">\n\t\t\t\t\t\t<div class=\"elementor-element elementor-element-369ec73 elementor-widget elementor-widget-image\" data-id=\"369ec73\" data-element_type=\"widget\" data-widget_type=\"image.default\">\n\t\t\t\t<div class=\"elementor-widget-container\">\n\t\t\t\t\t\t\t\t\t\t\t\t\t\t\t<img fetchpriority=\"high\" decoding=\"async\" width=\"558\" height=\"1024\" src=\"https:\/\/cotia.hitech.house\/wp-content\/uploads\/2025\/07\/sistems_hitech_house1-558x1024.jpg\" class=\"attachment-large size-large wp-image-5897\" alt=\"\" srcset=\"https:\/\/cotia.hitech.house\/wp-content\/uploads\/2025\/07\/sistems_hitech_house1-558x1024.jpg 558w, https:\/\/cotia.hitech.house\/wp-content\/uploads\/2025\/07\/sistems_hitech_house1-164x300.jpg 164w, https:\/\/cotia.hitech.house\/wp-content\/uploads\/2025\/07\/sistems_hitech_house1-768x1409.jpg 768w, https:\/\/cotia.hitech.house\/wp-content\/uploads\/2025\/07\/sistems_hitech_house1-837x1536.jpg 837w, https:\/\/cotia.hitech.house\/wp-content\/uploads\/2025\/07\/sistems_hitech_house1.jpg 1083w\" sizes=\"(max-width: 558px) 100vw, 558px\" \/>\t\t\t\t\t\t\t\t\t\t\t\t\t\t\t<\/div>\n\t\t\t\t<\/div>\n\t\t\t\t\t<\/div>\n\t\t<\/div>\n\t\t\t\t\t<\/div>\n\t\t<\/section>\n\t\t\t\t<section class=\"elementor-section elementor-top-section elementor-element elementor-element-ca1fe31 elementor-section-stretched elementor-section-boxed elementor-section-height-default elementor-section-height-default\" data-id=\"ca1fe31\" data-element_type=\"section\" data-settings=\"{&quot;stretch_section&quot;:&quot;section-stretched&quot;,&quot;background_background&quot;:&quot;classic&quot;}\">\n\t\t\t\t\t\t<div class=\"elementor-container elementor-column-gap-default\">\n\t\t\t\t\t<div class=\"elementor-column elementor-col-100 elementor-top-column elementor-element elementor-element-67b3fcb\" data-id=\"67b3fcb\" data-element_type=\"column\">\n\t\t\t<div class=\"elementor-widget-wrap elementor-element-populated\">\n\t\t\t\t\t\t<section class=\"elementor-section elementor-inner-section elementor-element elementor-element-c5040ad elementor-section-boxed elementor-section-height-default elementor-section-height-default\" data-id=\"c5040ad\" data-element_type=\"section\">\n\t\t\t\t\t\t<div class=\"elementor-container elementor-column-gap-default\">\n\t\t\t\t\t<div class=\"elementor-column elementor-col-100 elementor-inner-column elementor-element elementor-element-11b9076\" data-id=\"11b9076\" data-element_type=\"column\">\n\t\t\t<div class=\"elementor-widget-wrap elementor-element-populated\">\n\t\t\t\t\t\t<div class=\"elementor-element elementor-element-087e1fb elementor-invisible elementor-widget elementor-widget-heading\" data-id=\"087e1fb\" data-element_type=\"widget\" data-settings=\"{&quot;_animation&quot;:&quot;fadeIn&quot;,&quot;_animation_tablet&quot;:&quot;none&quot;}\" data-widget_type=\"heading.default\">\n\t\t\t\t<div class=\"elementor-widget-container\">\n\t\t\t\t\t<h2 class=\"elementor-heading-title elementor-size-default\">Constru\u00edmos a parte cinza<\/h2>\t\t\t\t<\/div>\n\t\t\t\t<\/div>\n\t\t\t\t\t<\/div>\n\t\t<\/div>\n\t\t\t\t\t<\/div>\n\t\t<\/section>\n\t\t\t\t\t<\/div>\n\t\t<\/div>\n\t\t\t\t\t<\/div>\n\t\t<\/section>\n\t\t\t\t<section class=\"elementor-section elementor-top-section elementor-element elementor-element-4ea06e5 elementor-section-stretched animated-slow elementor-section-boxed elementor-section-height-default elementor-section-height-default elementor-invisible\" data-id=\"4ea06e5\" data-element_type=\"section\" data-settings=\"{&quot;stretch_section&quot;:&quot;section-stretched&quot;,&quot;background_background&quot;:&quot;classic&quot;,&quot;animation&quot;:&quot;bounceInUp&quot;,&quot;animation_tablet&quot;:&quot;none&quot;}\">\n\t\t\t\t\t\t<div class=\"elementor-container elementor-column-gap-default\">\n\t\t\t\t\t<div class=\"elementor-column elementor-col-50 elementor-top-column elementor-element elementor-element-e2af5b5 elementor-hidden-tablet elementor-hidden-phone\" data-id=\"e2af5b5\" data-element_type=\"column\">\n\t\t\t<div class=\"elementor-widget-wrap elementor-element-populated\">\n\t\t\t\t\t\t<div class=\"elementor-element elementor-element-a490211 elementor-widget elementor-widget-video\" data-id=\"a490211\" data-element_type=\"widget\" data-settings=\"{&quot;video_type&quot;:&quot;hosted&quot;,&quot;controls&quot;:&quot;yes&quot;}\" data-widget_type=\"video.default\">\n\t\t\t\t<div class=\"elementor-widget-container\">\n\t\t\t\t\t\t\t<div class=\"e-hosted-video elementor-wrapper elementor-open-inline\">\n\t\t\t\t\t<video class=\"elementor-video\" src=\"https:\/\/cotia.hitech.house\/wp-content\/uploads\/2025\/07\/WhatsApp-Video-2025-07-26-at-13.24.20.mp4\" controls=\"\" preload=\"metadata\" controlsList=\"nodownload\"><\/video>\n\t\t\t\t<\/div>\n\t\t\t\t\t\t<\/div>\n\t\t\t\t<\/div>\n\t\t\t\t\t<\/div>\n\t\t<\/div>\n\t\t\t\t<div class=\"elementor-column elementor-col-50 elementor-top-column elementor-element elementor-element-178aef2\" data-id=\"178aef2\" data-element_type=\"column\">\n\t\t\t<div class=\"elementor-widget-wrap elementor-element-populated\">\n\t\t\t\t\t\t<div class=\"elementor-element elementor-element-354ceb8 elementor-widget elementor-widget-heading\" data-id=\"354ceb8\" data-element_type=\"widget\" data-widget_type=\"heading.default\">\n\t\t\t\t<div class=\"elementor-widget-container\">\n\t\t\t\t\t<h2 class=\"elementor-heading-title elementor-size-default\">Constru\u00e7\u00e3o parte estrutural, sem acabamento.<\/h2>\t\t\t\t<\/div>\n\t\t\t\t<\/div>\n\t\t\t\t<div class=\"elementor-element elementor-element-46c2cac elementor-widget elementor-widget-text-editor\" data-id=\"46c2cac\" data-element_type=\"widget\" data-widget_type=\"text-editor.default\">\n\t\t\t\t<div class=\"elementor-widget-container\">\n\t\t\t\t\t\t\t\t\t<p>A economia do sistema se d\u00e1 na parte estrutural, motivo pelo qual n\u00e3o executamos acabamento.<\/p><p>Inclui: funda\u00e7\u00e3o, paredes de EPS rebocadas, infra de el\u00e9trica sem fia\u00e7\u00e3o, hidr\u00e1ulica, laje, platibanda, torre caixa d&#8217; \u00e1gua e detalhes arquitet\u00f4nicos.<\/p><p>\u00a0<\/p>\t\t\t\t\t\t\t\t<\/div>\n\t\t\t\t<\/div>\n\t\t\t\t<div class=\"elementor-element elementor-element-6ac69c3 elementor-widget__width-inherit elementor-align-left elementor-align--mobilecenter elementor-widget elementor-widget-elementskit-button\" data-id=\"6ac69c3\" data-element_type=\"widget\" data-widget_type=\"elementskit-button.default\">\n\t\t\t\t<div class=\"elementor-widget-container\">\n\t\t\t\t\t<div class=\"ekit-wid-con\" >\t\t<div class=\"ekit-btn-wraper\">\n\t\t\t\t\t\t\t<a href=\"https:\/\/cotia.hitech.house\/casa-de-eps\/contato\/\" class=\"elementskit-btn  whitespace--normal\" id=\"\">\n\t\t\t\t\tFale com um especialista\t\t\t\t<\/a>\n\t\t\t\t\t<\/div>\n        <\/div>\t\t\t\t<\/div>\n\t\t\t\t<\/div>\n\t\t\t\t\t<\/div>\n\t\t<\/div>\n\t\t\t\t\t<\/div>\n\t\t<\/section>\n\t\t\t\t<\/div>\n\t\t","protected":false},"excerpt":{"rendered":"<p>O que \u00e9 a Casa de EPS ou Sistema de EPS? Basicamente uma Casa de EPS tem a sua constru\u00e7\u00e3o com pain\u00e9is de EPS (monol\u00edtico), bloco de EPS (ICF) ou Blocos rebocados de EPS (Thermo Block), todos proporcionam conforto t\u00e9rmico e ac\u00fastico.\u00a0 Os Sistemas Monol\u00edtico e ICF s\u00e3o estruturais, n\u00e3o h\u00e1 necessidade de pilar e [&hellip;]<\/p>\n","protected":false},"author":1,"featured_media":0,"parent":0,"menu_order":0,"comment_status":"closed","ping_status":"closed","template":"","meta":{"ocean_post_layout":"","ocean_both_sidebars_style":"","ocean_both_sidebars_content_width":0,"ocean_both_sidebars_sidebars_width":0,"ocean_sidebar":"0","ocean_second_sidebar":"0","ocean_disable_margins":"enable","ocean_add_body_class":"","ocean_shortcode_before_top_bar":"","ocean_shortcode_after_top_bar":"","ocean_shortcode_before_header":"","ocean_shortcode_after_header":"","ocean_has_shortcode":"","ocean_shortcode_after_title":"","ocean_shortcode_before_footer_widgets":"","ocean_shortcode_after_footer_widgets":"","ocean_shortcode_before_footer_bottom":"","ocean_shortcode_after_footer_bottom":"","ocean_display_top_bar":"default","ocean_display_header":"default","ocean_header_style":"","ocean_center_header_left_menu":"0","ocean_custom_header_template":"0","ocean_custom_logo":0,"ocean_custom_retina_logo":0,"ocean_custom_logo_max_width":0,"ocean_custom_logo_tablet_max_width":0,"ocean_custom_logo_mobile_max_width":0,"ocean_custom_logo_max_height":0,"ocean_custom_logo_tablet_max_height":0,"ocean_custom_logo_mobile_max_height":0,"ocean_header_custom_menu":"0","ocean_menu_typo_font_family":"0","ocean_menu_typo_font_subset":"","ocean_menu_typo_font_size":0,"ocean_menu_typo_font_size_tablet":0,"ocean_menu_typo_font_size_mobile":0,"ocean_menu_typo_font_size_unit":"px","ocean_menu_typo_font_weight":"","ocean_menu_typo_font_weight_tablet":"","ocean_menu_typo_font_weight_mobile":"","ocean_menu_typo_transform":"","ocean_menu_typo_transform_tablet":"","ocean_menu_typo_transform_mobile":"","ocean_menu_typo_line_height":0,"ocean_menu_typo_line_height_tablet":0,"ocean_menu_typo_line_height_mobile":0,"ocean_menu_typo_line_height_unit":"","ocean_menu_typo_spacing":0,"ocean_menu_typo_spacing_tablet":0,"ocean_menu_typo_spacing_mobile":0,"ocean_menu_typo_spacing_unit":"","ocean_menu_link_color":"","ocean_menu_link_color_hover":"","ocean_menu_link_color_active":"","ocean_menu_link_background":"","ocean_menu_link_hover_background":"","ocean_menu_link_active_background":"","ocean_menu_social_links_bg":"","ocean_menu_social_hover_links_bg":"","ocean_menu_social_links_color":"","ocean_menu_social_hover_links_color":"","ocean_disable_title":"default","ocean_disable_heading":"default","ocean_post_title":"","ocean_post_subheading":"","ocean_post_title_style":"","ocean_post_title_background_color":"","ocean_post_title_background":0,"ocean_post_title_bg_image_position":"","ocean_post_title_bg_image_attachment":"","ocean_post_title_bg_image_repeat":"","ocean_post_title_bg_image_size":"","ocean_post_title_height":0,"ocean_post_title_bg_overlay":0.5,"ocean_post_title_bg_overlay_color":"","ocean_disable_breadcrumbs":"default","ocean_breadcrumbs_color":"","ocean_breadcrumbs_separator_color":"","ocean_breadcrumbs_links_color":"","ocean_breadcrumbs_links_hover_color":"","ocean_display_footer_widgets":"default","ocean_display_footer_bottom":"default","ocean_custom_footer_template":"0","_joinchat":[],"footnotes":""},"class_list":["post-3472","page","type-page","status-publish","hentry","entry"],"_links":{"self":[{"href":"https:\/\/cotia.hitech.house\/casa-de-eps\/wp-json\/wp\/v2\/pages\/3472","targetHints":{"allow":["GET"]}}],"collection":[{"href":"https:\/\/cotia.hitech.house\/casa-de-eps\/wp-json\/wp\/v2\/pages"}],"about":[{"href":"https:\/\/cotia.hitech.house\/casa-de-eps\/wp-json\/wp\/v2\/types\/page"}],"author":[{"embeddable":true,"href":"https:\/\/cotia.hitech.house\/casa-de-eps\/wp-json\/wp\/v2\/users\/1"}],"replies":[{"embeddable":true,"href":"https:\/\/cotia.hitech.house\/casa-de-eps\/wp-json\/wp\/v2\/comments?post=3472"}],"version-history":[{"count":116,"href":"https:\/\/cotia.hitech.house\/casa-de-eps\/wp-json\/wp\/v2\/pages\/3472\/revisions"}],"predecessor-version":[{"id":5951,"href":"https:\/\/cotia.hitech.house\/casa-de-eps\/wp-json\/wp\/v2\/pages\/3472\/revisions\/5951"}],"wp:attachment":[{"href":"https:\/\/cotia.hitech.house\/casa-de-eps\/wp-json\/wp\/v2\/media?parent=3472"}],"curies":[{"name":"wp","href":"https:\/\/api.w.org\/{rel}","templated":true}]}}